{"id":1085,"date":"2022-06-03T14:30:51","date_gmt":"2022-06-03T17:30:51","guid":{"rendered":"https:\/\/www.institutovotorantim.org.br\/?page_id=1085"},"modified":"2024-03-28T17:14:08","modified_gmt":"2024-03-28T20:14:08","slug":"politica-de-privacidade","status":"publish","type":"page","link":"https:\/\/www.institutovotorantim.org.br\/en\/privacy-policy\/","title":{"rendered":"Privacy Policy"},"content":{"rendered":"<p><b>Votorantim Institute<\/b><span style=\"font-weight: 400;\"> (&#8220;<\/span><span style=\"font-weight: 400;\">Instituto Votorantim&#8221; ou \u201cN\u00f3s<\/span><span style=\"font-weight: 400;\">\u201d) agradece o seu acesso ao https:\/\/www.institutovotorantim.org.br (&#8220;<\/span><span style=\"font-weight: 400;\">Site<\/span><span style=\"font-weight: 400;\">&#8220;). O Instituto Votorantim est\u00e1 comprometido com a privacidade do Usu\u00e1rio (\u201c<\/span><span style=\"font-weight: 400;\">Usu\u00e1rio\u201d \u201cTitular\u201d ou \u201cVoc\u00ea<\/span><span style=\"font-weight: 400;\">\u201d). Para tanto, o Instituto Votorantim desenvolveu essa Pol\u00edtica de Privacidade (\u201c<\/span><span style=\"font-weight: 400;\">Pol\u00edtica de Privacidade\u201d, ou \u201cPol\u00edtica<\/span><span style=\"font-weight: 400;\">\u201d) que descreve como o Instituto Votorantim coleta, usa, utiliza, acessa, reproduz, transmite, processa, arquiva, compartilha ou elimina seus dados pessoais.\u00a0<\/span><\/p>\n<p><span style=\"font-weight: 400;\">Por favor, leia esta Pol\u00edtica de Privacidade cuidadosamente antes de usar o Site. Ao usar o Site, voc\u00ea reconhece que leu esta Pol\u00edtica de Privacidade e concorda em se comprometer com ela.<\/span><\/p>\n<p><span style=\"font-weight: 400;\">Esta Pol\u00edtica de Privacidade n\u00e3o se aplica a informa\u00e7\u00f5es coletadas por terceiros, incluindo sites, aplicativos ou outro conte\u00fado que possa ser acess\u00edvel atrav\u00e9s ou vinculado a este Site. O Instituto Votorantim n\u00e3o \u00e9 respons\u00e1vel pelo conte\u00fado ou pr\u00e1ticas de privacidade em qualquer site que n\u00e3o seja do Instituto Votorantim ao qual este Site est\u00e1 vinculado.<\/span><\/p>\n<p><span style=\"font-weight: 400;\">Para mais informa\u00e7\u00f5es acerca do tratamento de dados pessoais realizado no \u00e2mbito das atividades do Instituto Votorantim, entre em contato com o Encarregado de Prote\u00e7\u00e3o de Dados do Instituto Votorantim.<\/span><\/p>\n<p><b>CASO VOC\u00ca N\u00c3O CONCORDE COM QUAISQUER DAS DISPOSI\u00c7\u00d5ES DESTA POL\u00cdTICA DE PRIVACIDADE, POR FAVOR N\u00c3O UTILIZE NOSSO SITE, NOSSAS OUTRAS APLICA\u00c7\u00d5ES DE INTERNET, NEM CONTRATE OS NOSSOS SERVI\u00c7OS.<\/b><\/p>\n<p><b>Quem \u00e9 o controlador de seus dados pessoais?<\/b><\/p>\n<p><span style=\"font-weight: 400;\">O Instituto Votorantim, associa\u00e7\u00e3o privada inscrita no CNPJ\/ME sob n\u00ba 05.583.142\/0001-42, com sede na Rua Jer\u00f4nimo da Veiga, n\u00ba 164, 6\u00ba andar, Itaim Bibi, CEP: 04.536-000, S\u00e3o Paulo\/SP, \u00e9 a pessoa jur\u00eddica controladora dos dados pessoais tratados no \u00e2mbito desta Pol\u00edtica de Privacidade. Para fins da legisla\u00e7\u00e3o aplic\u00e1vel, \u201ccontrolador\u201d \u00e9 a quem compete as decis\u00f5es referentes ao tratamento de dados pessoais. Al\u00e9m disso, conforme ser\u00e1 detalhado na presente Pol\u00edtica de Privacidade, os seus dados pessoais poder\u00e3o ser compartilhados com empresas, companhias, organiza\u00e7\u00f5es e associa\u00e7\u00f5es parceiras ou que comp\u00f5e o grupo econ\u00f4mico do Instituto Votorantim para fins de gest\u00e3o e opera\u00e7\u00e3o do Site e das demais aplica\u00e7\u00f5es de Internet do Instituto Votorantim, bem como para execu\u00e7\u00e3o e aprimoramento das atividades exercidas pelo Instituto Votorantim, hip\u00f3teses em que tais empresas tamb\u00e9m poder\u00e3o ser controladoras de seus dados pessoais.<\/span><\/p>\n<p><b>Dados pessoais que tratamos<\/b><\/p>\n<p><span style=\"font-weight: 400;\">O Instituto Votorantim poder\u00e1 coletar suas informa\u00e7\u00f5es em v\u00e1rios pontos diferentes e de maneiras diferentes neste Site, conforme abaixo:<\/span><\/p>\n<ul>\n<li style=\"font-weight: 400;\" aria-level=\"1\"><span style=\"font-weight: 400;\">Informa\u00e7\u00f5es fornecidas diretamente pelo Usu\u00e1rio:<\/span><span style=\"font-weight: 400;\"> Nome, endere\u00e7o, e-mail, telefone, informa\u00e7\u00f5es profissionais (nome da empregadora\/contratante\/\u00f3rg\u00e3o p\u00fablico ao qual atua como servidor(a) e respectivo cargo), munic\u00edpio (residencial e\/ou de atua\u00e7\u00e3o), Estado e pa\u00eds.<\/span><\/li>\n<li style=\"font-weight: 400;\" aria-level=\"1\"><span style=\"font-weight: 400;\">Informa\u00e7\u00f5es de navega\u00e7\u00e3o e Cookies<\/span><span style=\"font-weight: 400;\">: Cookies s\u00e3o informa\u00e7\u00f5es que um site transfere para o computador de um indiv\u00edduo para fins de manuten\u00e7\u00e3o de registros. Esses cookies ser\u00e3o colocados como um arquivo de texto no navegador do seu computador. Voc\u00ea pode configurar seu navegador para recusar cookies, mas consequentemente poder\u00e1 n\u00e3o conseguir acessar ou usar partes do Site. Web beacons s\u00e3o pequenos peda\u00e7os de c\u00f3digo incorporados em p\u00e1ginas da web ou e-mails que ajudam na entrega de cookies. Eles ajudam o Instituto Votorantim a determinar se uma p\u00e1gina da web foi visualizada e, em caso afirmativo, quantas vezes. O Instituto Votorantim tamb\u00e9m pode usar web beacons em mensagens de e-mail para determinar o que o destinat\u00e1rio fez com a mensagem. Embora voc\u00ea n\u00e3o possa recusar o recebimento de web beacons ao visitar uma p\u00e1gina da Web, pode optar por n\u00e3o os receber por e-mail se desativar as imagens HTML ou recusar as mensagens de e-mail em HTML. O Instituto Votorantim pode coletar automaticamente outras informa\u00e7\u00f5es, incluindo tipo de computador, tipo de navegador e plug-ins, idioma, provedor de servi\u00e7os de Internet (ISP), sistema operacional, habilita\u00e7\u00e3o de script java, p\u00e1ginas de refer\u00eancia e sa\u00edda, marca\u00e7\u00e3o de data\/hora, dados de fluxo de cliques e cidade e pa\u00eds. Al\u00e9m disso, o Instituto Votorantim pode coletar e registrar automaticamente seu endere\u00e7o de protocolo da Internet (&#8220;endere\u00e7o IP&#8221;). Seu endere\u00e7o IP \u00e9 um endere\u00e7o num\u00e9rico exclusivo, composto por quatro n\u00fameros separados por pontos, que fornece a localiza\u00e7\u00e3o para um computador individual na Internet. Os endere\u00e7os IP s\u00e3o usados para designar o computador no qual voc\u00ea est\u00e1 acessando o site. O Instituto Votorantim tamb\u00e9m pode obter dados sobre voc\u00ea quando voc\u00ea interage com o Site, por exemplo quando voc\u00ea olha uma p\u00e1gina ou envia uma mensagem atrav\u00e9s do Site.<\/span><\/li>\n<li style=\"font-weight: 400;\" aria-level=\"1\"><span style=\"font-weight: 400;\">Registros de acesso e demais informa\u00e7\u00f5es automatizadas<\/span><b>. <\/b><span style=\"font-weight: 400;\">O Instituto Votorantim poder\u00e1 coletar e armazenar algumas informa\u00e7\u00f5es que recebe automaticamente toda vez que o Usu\u00e1rio interage com o Site. <\/span><i><span style=\"font-weight: 400;\">Internet Protocol<\/span><\/i><span style=\"font-weight: 400;\"> (IP), tipo de navegador, bem como datas e horas das intera\u00e7\u00f5es do Usu\u00e1rio com as plataformas, s\u00e3o alguns exemplos desta coleta.\u00a0<\/span><\/li>\n<\/ul>\n<p><b>Para quais finalidades coletamos seus dados?<\/b><\/p>\n<p><span style=\"font-weight: 400;\">Os dados pessoais dos Usu\u00e1rios conforme o caso, s\u00e3o tratados pelo Instituto Votorantim para as seguintes finalidades:<\/span><\/p>\n<ul>\n<li style=\"font-weight: 400;\" aria-level=\"1\"><span style=\"font-weight: 400;\">Permitir a execu\u00e7\u00e3o e participa\u00e7\u00e3o do Usu\u00e1rio nos Programas e\/ou Projetos desenvolvidos pelo Instituto Votorantim, de forma a proporcionar alta efic\u00e1cia na execu\u00e7\u00e3o de suas atividades e suporte adequado \u00e0 realiza\u00e7\u00e3o do seu objeto social;<\/span><\/li>\n<li style=\"font-weight: 400;\" aria-level=\"1\"><span style=\"font-weight: 400;\">Adequar a apar\u00eancia e o conte\u00fado do Site \u00e0s prefer\u00eancias do usu\u00e1rio, a fim de proporcionar-lhe acesso mais r\u00e1pido, agrad\u00e1vel e eficaz;<\/span><\/li>\n<li style=\"font-weight: 400;\" aria-level=\"1\"><span style=\"font-weight: 400;\">Autenticar acessos;<\/span><\/li>\n<li style=\"font-weight: 400;\" aria-level=\"1\"><span style=\"font-weight: 400;\">Buscar seguran\u00e7a adequada \u00e0s atividades exercidas pelo Instituto Votorantim e meios de identifica\u00e7\u00e3o no caso de usos impr\u00f3prios ou il\u00edcitos;<\/span><\/li>\n<li style=\"font-weight: 400;\" aria-level=\"1\"><span style=\"font-weight: 400;\">Resolver problemas e formular notifica\u00e7\u00f5es relacionadas ao uso dos Sites, plataformas e aplica\u00e7\u00f5es de Internet do Instituto Votorantim;<\/span><\/li>\n<li style=\"font-weight: 400;\" aria-level=\"1\"><span style=\"font-weight: 400;\">Manter os usu\u00e1rios informados sobre os servi\u00e7os, altera\u00e7\u00f5es nos Termos de Uso ou na Pol\u00edtica de Privacidade, atualiza\u00e7\u00f5es ou melhorias nos sites, plataformas e aplica\u00e7\u00f5es de Internet da Instituto Votorantim, ou ainda sobre o status de suas contas e opera\u00e7\u00f5es;<\/span><\/li>\n<li style=\"font-weight: 400;\" aria-level=\"1\"><span style=\"font-weight: 400;\">Encaminhar comunicados de marketing relacionados a novas ofertas de Programas e\/ou Projetos realizados e\/ou patrocinados pelo Instituto Votorantim, no \u00e2mbito de suas atividades;<\/span><\/li>\n<li style=\"font-weight: 400;\" aria-level=\"1\"><span style=\"font-weight: 400;\">Divulgar a\u00e7\u00f5es promocionais dos sites, plataformas e aplica\u00e7\u00f5es de Internet do Instituto Votorantim ou outras iniciativas do Instituto Votorantim, sempre disponibilizando meios para o usu\u00e1rio cancelar o recebimento de e-mails promocionais (opt out);<\/span><\/li>\n<li style=\"font-weight: 400;\" aria-level=\"1\"><span style=\"font-weight: 400;\">Divulgar a\u00e7\u00f5es promocionais de empresas parceiras que adotem medidas de prote\u00e7\u00e3o \u00e0 privacidade similares \u00e0 presente pol\u00edtica, mediante anu\u00eancia pr\u00e9via do usu\u00e1rio;<\/span><\/li>\n<li style=\"font-weight: 400;\" aria-level=\"1\"><span style=\"font-weight: 400;\">Apurar informa\u00e7\u00f5es estat\u00edsticas, atrav\u00e9s de realiza\u00e7\u00e3o de pesquisas sobre temas de atua\u00e7\u00e3o do Instituto Votorantim, relacionados a Programas e\/ou Projetos que desenvolve;<\/span><\/li>\n<li style=\"font-weight: 400;\" aria-level=\"1\"><span style=\"font-weight: 400;\">Recebimento de curr\u00edculo do Usu\u00e1rio, para composi\u00e7\u00e3o do Banco de Talentos do Instituto Votorantim;<\/span><\/li>\n<li style=\"font-weight: 400;\" aria-level=\"1\"><span style=\"font-weight: 400;\">Para prestar e aprimorar o servi\u00e7o de atendimento aos Titulares, o que podem envolver o cadastro de nova senha no Site, reclama\u00e7\u00f5es, d\u00favidas\u00a0 etc.;<\/span><\/li>\n<li style=\"font-weight: 400;\" aria-level=\"1\"><span style=\"font-weight: 400;\">Para fins da realiza\u00e7\u00e3o de <\/span><i><span style=\"font-weight: 400;\">background check<\/span><\/i><span style=\"font-weight: 400;\"> de clientes espec\u00edficos;<\/span><\/li>\n<li style=\"font-weight: 400;\" aria-level=\"1\"><span style=\"font-weight: 400;\">Aprimorar os servi\u00e7os e\/ou funcionalidades do Site e das plataformas do Instituto Votorantim.\u00a0\u00a0<\/span><\/li>\n<\/ul>\n<p><b>Com quem compartilhamos seus dados pessoais?<\/b><\/p>\n<p><span style=\"font-weight: 400;\">O Instituto Votorantim poder\u00e1 compartilhar seus dados pessoais com terceiros, parceiros de neg\u00f3cios e empresas do mesmo grupo econ\u00f4mico do Instituto Votorantim que sejam relevantes para fins de viabilizar a utiliza\u00e7\u00e3o do Site e outras Plataformas pelos Usu\u00e1rios ou viabilizar a execu\u00e7\u00e3o das atividades elaboradas pelo Instituto Votorantim. Referido compartilhamento ocorre com base nos seguintes crit\u00e9rios e para as finalidades descritas abaixo.\u00a0<\/span><\/p>\n<ul>\n<li style=\"font-weight: 400;\" aria-level=\"1\"><span style=\"font-weight: 400;\">Prestadores de servi\u00e7os ou parceiros comerciais<\/span><span style=\"font-weight: 400;\">: Podemos compartilhar seus dados pessoais com parceiros e\/ou prestadores de servi\u00e7os contratados pelo Instituto Votorantim para fins de (a) fornecimento de software de gest\u00e3o operacional e outra tecnologia da informa\u00e7\u00e3o para gest\u00e3o e cadastro de Clientes. Tais agentes recebem seus dados pessoais com a finalidade espec\u00edfica de prestar servi\u00e7os ao Instituto Votorantim e n\u00e3o possuem quaisquer direitos de uso de seus dados fora dessa hip\u00f3tese; ou (b) para, de acordo com a necessidade, viabilizar o alcance das finalidades supracitadas, bem como para execu\u00e7\u00e3o das atividades exercidas pelo Instituto Votorantim as quais o Usu\u00e1rio estiver participando.<\/span><\/li>\n<li style=\"font-weight: 400;\" aria-level=\"1\"><span style=\"font-weight: 400;\">Requisi\u00e7\u00e3o de autoridade competente<\/span><span style=\"font-weight: 400;\">: O Instituto Votorantim ainda poder\u00e1 compartilhar seus dados pessoais com terceiros (incluindo \u00f3rg\u00e3os governamentais) a fim de responder a investiga\u00e7\u00f5es, medidas judiciais, processos judiciais ou investigar, impedir ou adotar medidas acerca de atividades ilegais, suspeita de fraude ou situa\u00e7\u00f5es que envolvam amea\u00e7as em potencial \u00e0 seguran\u00e7a f\u00edsica de qualquer pessoa ou se de outra maneira exigido pela legisla\u00e7\u00e3o.<\/span><\/li>\n<li style=\"font-weight: 400;\" aria-level=\"1\"><span style=\"font-weight: 400;\">Novos neg\u00f3cios<\/span><span style=\"font-weight: 400;\">: Se o Instituto Votorantim estiver envolvido em uma fus\u00e3o, aquisi\u00e7\u00e3o ou venda de todos ou de parte de seus ativos, seus dados pessoais poder\u00e3o ser transferidos para a empresa\/companhia ou pessoa adquirente. Em circunst\u00e2ncias nas quais a identidade do controlador de seus dados pessoais se alterar como resultado de qualquer transa\u00e7\u00e3o, voc\u00ea ser\u00e1 notificado de quaisquer escolhas que possa ter acerca de seus dados pessoais.<\/span><\/li>\n<\/ul>\n<p><b>Por quanto tempo vamos reter seus dados pessoais?<\/b><\/p>\n<p><span style=\"font-weight: 400;\">Armazenamos e mantemos suas informa\u00e7\u00f5es: <\/span><b>(i)<\/b><span style=\"font-weight: 400;\"> pelo tempo exigido por lei; <\/span><b>(ii) <\/b><span style=\"font-weight: 400;\">at\u00e9 o t\u00e9rmino do tratamento de dados pessoais, conforme mencionado abaixo; ou <\/span><b>(iii)<\/b><span style=\"font-weight: 400;\"> pelo tempo necess\u00e1rio a preservar o leg\u00edtimo interesse do Instituto Votorantim. Assim, trataremos seus dados, por exemplo, durante os prazos prescricionais aplic\u00e1veis ou enquanto necess\u00e1rio para cumprimento de obriga\u00e7\u00e3o legal ou regulat\u00f3ria.<\/span><\/p>\n<p><span style=\"font-weight: 400;\">O t\u00e9rmino do tratamento de dados pessoais ocorrer\u00e1 nos seguintes casos:<\/span><\/p>\n<ul>\n<li style=\"font-weight: 400;\" aria-level=\"1\"><span style=\"font-weight: 400;\">Quando a finalidade pela qual os dados pessoais do Titular foram coletados for alcan\u00e7ada e\/ou os dados pessoais coletados deixarem de ser necess\u00e1rios ou pertinentes ao alcance de tal finalidade;<\/span><\/li>\n<li style=\"font-weight: 400;\" aria-level=\"1\"><span style=\"font-weight: 400;\">Quando o Titular estiver em seu direito de solicitar o t\u00e9rmino do tratamento e a exclus\u00e3o de seus dados pessoais e o fizer; e<\/span><\/li>\n<li style=\"font-weight: 400;\" aria-level=\"1\"><span style=\"font-weight: 400;\">Quando houver uma determina\u00e7\u00e3o legal neste sentido.<\/span><\/li>\n<\/ul>\n<p><span style=\"font-weight: 400;\">Nesses casos de t\u00e9rmino de tratamento de dados pessoais, ressalvadas as hip\u00f3teses estabelecidas pela legisla\u00e7\u00e3o aplic\u00e1vel ou pela presente Pol\u00edtica de Privacidade, os dados pessoais ser\u00e3o eliminados.<\/span><\/p>\n<p><b>Seus direitos em rela\u00e7\u00e3o aos dados pessoais que tratamos sobre voc\u00ea<\/b><\/p>\n<p><span style=\"font-weight: 400;\">Voc\u00ea ter\u00e1 determinados direitos em rela\u00e7\u00e3o aos seus dados pessoais. Tais direitos incluem, mas n\u00e3o se limitam a:<\/span><\/p>\n<ul>\n<li style=\"font-weight: 400;\" aria-level=\"1\"><span style=\"font-weight: 400;\">Receber informa\u00e7\u00f5es claras e completas sobre o tratamento de seus dados pessoais, incluindo sobre as hip\u00f3teses de compartilhamento de dados pessoais;\u00a0<\/span><\/li>\n<li style=\"font-weight: 400;\" aria-level=\"1\"><span style=\"font-weight: 400;\">Solicitar o acesso a seus dados pessoais e\/ou a confirma\u00e7\u00e3o da exist\u00eancia de tratamento de dados;\u00a0<\/span><\/li>\n<li style=\"font-weight: 400;\" aria-level=\"1\"><span style=\"font-weight: 400;\">Solicitar que retifiquemos quaisquer dados pessoais imprecisos, incompletos e desatualizados;<\/span><\/li>\n<li style=\"font-weight: 400;\" aria-level=\"1\"><span style=\"font-weight: 400;\">Se opor \u00e0s atividades de tratamento, solicitar a anonimiza\u00e7\u00e3o e elimina\u00e7\u00e3o de dados pessoais, em circunst\u00e2ncias espec\u00edficas;<\/span><\/li>\n<li style=\"font-weight: 400;\" aria-level=\"1\"><span style=\"font-weight: 400;\">Solicitar a portabilidade de seus dados pessoais;<\/span><\/li>\n<li style=\"font-weight: 400;\" aria-level=\"1\"><span style=\"font-weight: 400;\">Revogar o consentimento a qualquer momento, quando o Instituto Votorantim tratar seus dados pessoais com base no consentimento; e<\/span><\/li>\n<li style=\"font-weight: 400;\" aria-level=\"1\"><span style=\"font-weight: 400;\">Solicitar a revis\u00e3o de decis\u00f5es automatizadas que possam afetar seus interesses.<\/span><\/li>\n<\/ul>\n<p><span style=\"font-weight: 400;\">Voc\u00ea poder\u00e1 exercer tais direitos mediante contato com o Encarregado ou no Site.<\/span><\/p>\n<p><b>Seguran\u00e7a, garantias e precau\u00e7\u00f5es de uso do Site\u00a0<\/b><\/p>\n<p><span style=\"font-weight: 400;\">N\u00f3s estamos comprometidos em entregar um Site seguro e confi\u00e1vel para voc\u00ea e garantimos tomar as medidas necess\u00e1rias para proporcionar uma melhor experi\u00eancia nesse sentido.\u00a0<\/span><\/p>\n<p><span style=\"font-weight: 400;\">O Site \u00e9 um ambiente seguro para que possamos proporcionar um ambiente em que qualquer transmiss\u00e3o de dados seja sigilosa e segura. Este Site incorpora v\u00e1rios procedimentos f\u00edsicos, eletr\u00f4nicos e administrativos para proteger a confidencialidade de seus dados pessoais. O acesso \u00e0s suas informa\u00e7\u00f5es pessoais \u00e9 restrito e somente a equipe de suporte de TI do Instituto Votorantim, suas afiliadas e seus provedores de servi\u00e7os que necessitam acessar imprescindivelmente para finalidades espec\u00edficas t\u00eam acesso concedido aos seus dados pessoais. Os servidores em que o Instituto Votorantim armazena suas informa\u00e7\u00f5es pessoais s\u00e3o mantidos em um ambiente seguro e protegido pelo escopo de trabalho da \u00e1rea de seguran\u00e7a de informa\u00e7\u00e3o, que atende os requisitos de seguran\u00e7a ISO27001, al\u00e9m de boas pr\u00e1ticas de mercado.\u00a0<\/span><\/p>\n<p><span style=\"font-weight: 400;\">Contudo, ressaltamos que, assim como qualquer intera\u00e7\u00e3o ocorrida na internet, n\u00e3o \u00e9 poss\u00edvel garantir um n\u00edvel de seguran\u00e7a infal\u00edvel e livre de toda e qualquer amea\u00e7a, tendo em vista a rapidez em que novas tecnologias s\u00e3o desenvolvidas. Dentro desse cen\u00e1rio, nos comprometemos a empreender nossos melhores esfor\u00e7os para garantir que o Site esteja, dentro do poss\u00edvel, sempre atualizada e protegida de invas\u00f5es e falhas.<\/span><\/p>\n<p><b>Transfer\u00eancia Internacional de dados pessoais<\/b><\/p>\n<p><span style=\"font-weight: 400;\">O Instituto Votorantim poder\u00e1 compartilhar seus dados pessoais internacionalmente com outras empresas do nosso grupo econ\u00f4mico, com terceiros, parceiros de neg\u00f3cios, que sejam relevantes para fins de viabilizar a presta\u00e7\u00e3o dos servi\u00e7os aos Usu\u00e1rios, nos termos da legisla\u00e7\u00e3o aplic\u00e1vel. O compartilhamento poder\u00e1 ocorrer na utiliza\u00e7\u00e3o de servi\u00e7os de infraestrutura de rede e demais fornecedores, como fornecedores de servi\u00e7o de armazenamento em nuvem. Nestes casos, podemos compartilhar dados pessoais dos Usu\u00e1rios para viabilizar a presta\u00e7\u00e3o dos servi\u00e7os oferecidos pelo Instituto Votorantim e aprimor\u00e1-los. Esses fornecedores recebem suas informa\u00e7\u00f5es com a finalidade espec\u00edfica de prestar servi\u00e7os ao Instituto Votorantim.<\/span><\/p>\n<p><b>Dados pessoais de menores de idade<\/b><\/p>\n<p><span style=\"font-weight: 400;\">O Instituto Votorantim n\u00e3o coleta intencionalmente dados pessoais menores de 18 anos por meio do Site. Se o Instituto Votorantim descobrir que qualquer registro foi realizado por um menor, esse registro ser\u00e1 imediata e permanentemente cancelado e removido de sua base de dados, com ou sem aviso pr\u00e9vio.<\/span><\/p>\n<p><b>Altera\u00e7\u00f5es a esta Pol\u00edtica de Privacidade<\/b><\/p>\n<p><span style=\"font-weight: 400;\">O Instituto Votorantim reserva-se o direito de alterar esta Pol\u00edtica de Privacidade a qualquer momento, mediante publica\u00e7\u00e3o da vers\u00e3o atualizada no endere\u00e7o <\/span><span style=\"font-weight: 400;\">https:\/\/www.institutovotorantim.org.br\/politica-de-privacidade<\/span><span style=\"font-weight: 400;\">. Em caso de altera\u00e7\u00f5es relevantes nesta Pol\u00edtica de Privacidade, o Titular receber\u00e1 um aviso a esse respeito.<\/span><\/p>\n<p><b>Intera\u00e7\u00f5es com sites de terceiros<\/b><\/p>\n<p><span style=\"font-weight: 400;\">Podemos disponibilizar links para outros sites na Internet. O INSTITUTO VOTORANTIM N\u00c3O SE RESPONSABILIZA POR ESTES SITES E CONTE\u00daDOS E, AINDA, N\u00c3O COMPARTILHA, SUBSCREVE, MONITORA, VALIDA OU ACEITA A FORMA COMO ESSES SITES OU FERRAMENTAS DE ARMAZENAMENTO DE CONTE\u00daDO COLETAM, PROCESSAM E TRANSFEREM SUAS INFORMA\u00c7\u00d5ES PESSOAIS. Recomendamos que o Usu\u00e1rio consulte as respectivas pol\u00edticas de privacidade de tais sites para se informar adequadamente a respeito do uso de suas informa\u00e7\u00f5es pessoais por outros sites ou outras ferramentas.<\/span><\/p>\n<p><b>Identifica\u00e7\u00e3o do Encarregado<\/b><\/p>\n<p><span style=\"font-weight: 400;\">Vanessa Escaleira \u00e9 a encarregada pelo tratamento de dados pessoais (\u201cEncarregada\u201d).<\/span><\/p>\n<p><span style=\"font-weight: 400;\">Em caso de d\u00favidas, acesse o site <a href=\"https:\/\/www.institutovotorantim.org.br\/en\/\">www.institutovotorantim.org.br<\/a><\/span><span style=\"font-weight: 400;\"> ou entre em contato com o Encarregado por meio do e-mail <\/span><a href=\"mailto:privacidados@votorantim.com\"><span style=\"font-weight: 400;\">privacidados@votorantim.com<\/span><\/a><span style=\"font-weight: 400;\">\u00a0<\/span><\/p>","protected":false},"excerpt":{"rendered":"<p>Instituto Votorantim (&#8220;Instituto Votorantim&#8221; ou \u201cN\u00f3s\u201d) agradece o seu acesso ao https:\/\/www.institutovotorantim.org.br (&#8220;Site&#8220;). O Instituto Votorantim est\u00e1 comprometido com a privacidade do Usu\u00e1rio (\u201cUsu\u00e1rio\u201d \u201cTitular\u201d ou \u201cVoc\u00ea\u201d). Para tanto, o Instituto Votorantim desenvolveu essa Pol\u00edtica de Privacidade (\u201cPol\u00edtica de Privacidade\u201d, ou \u201cPol\u00edtica\u201d) que descreve como o Instituto Votorantim coleta, usa, utiliza, acessa, reproduz, transmite, processa, [&hellip;]<\/p>","protected":false},"author":2,"featured_media":0,"parent":0,"menu_order":0,"comment_status":"closed","ping_status":"closed","template":"page-politica.php","meta":{"inline_featured_image":false,"footnotes":""},"class_list":["post-1085","page","type-page","status-publish","hentry"],"_links":{"self":[{"href":"https:\/\/www.institutovotorantim.org.br\/en\/wp-json\/wp\/v2\/pages\/1085","targetHints":{"allow":["GET"]}}],"collection":[{"href":"https:\/\/www.institutovotorantim.org.br\/en\/wp-json\/wp\/v2\/pages"}],"about":[{"href":"https:\/\/www.institutovotorantim.org.br\/en\/wp-json\/wp\/v2\/types\/page"}],"author":[{"embeddable":true,"href":"https:\/\/www.institutovotorantim.org.br\/en\/wp-json\/wp\/v2\/users\/2"}],"replies":[{"embeddable":true,"href":"https:\/\/www.institutovotorantim.org.br\/en\/wp-json\/wp\/v2\/comments?post=1085"}],"version-history":[{"count":9,"href":"https:\/\/www.institutovotorantim.org.br\/en\/wp-json\/wp\/v2\/pages\/1085\/revisions"}],"predecessor-version":[{"id":1751,"href":"https:\/\/www.institutovotorantim.org.br\/en\/wp-json\/wp\/v2\/pages\/1085\/revisions\/1751"}],"wp:attachment":[{"href":"https:\/\/www.institutovotorantim.org.br\/en\/wp-json\/wp\/v2\/media?parent=1085"}],"curies":[{"name":"wp","href":"https:\/\/api.w.org\/{rel}","templated":true}]}}