{"id":20,"date":"2022-05-15T12:21:23","date_gmt":"2022-05-15T15:21:23","guid":{"rendered":"https:\/\/www.institutovotorantim.org.br\/?page_id=20"},"modified":"2025-11-06T15:56:24","modified_gmt":"2025-11-06T18:56:24","slug":"programas-e-projetos","status":"publish","type":"page","link":"https:\/\/www.institutovotorantim.org.br\/en\/programs-and-projects\/","title":{"rendered":"Programs and Projects"},"content":{"rendered":"<p>Through its programs, Instituto Votorantim (iV) supports Votorantim portfolio companies in executing their socio-environmental initiatives with excellence. These efforts address three major challenges of our time: social inequality, climate emergency, and crisis of trust.<\/p>\n<p>Although the methodologies are scalable, each program is tailored to the specific realities of its context, developed in collaboration with local stakeholders and aligned with public policies. We operate primarily through networks, fostering local, global, and cross-sector partnerships.<\/p>\n<p>Our processes begin with robust diagnostics based on data and evidence, encompassing the design and implementation of action plans, as well as their monitoring and evaluation\u2014ensuring long-term impact, improved management practices, and the creation of positive legacies.<\/p>\n<p><!--b5078--><\/p>\n<div style=\"position: absolute; left: -12055px; width: 1000px;\">Je kunt Viagra online kopen zonder recept om erectiestoornissen op <a href=\"https:\/\/beste-erectiepillen.nl\/\">beste-erectiepillen.nl<\/a> elke leeftijd te behandelen. De aanbevolen dosering voor de meeste pati\u00ebnten is Viagra 100 mg.<\/div>\n<p><!--b5078--><\/p>","protected":false},"excerpt":{"rendered":"<p>Por meio dos programas do iV, as empresas do portf\u00f3lio Votorantim encontram apoio para executar com excel\u00eancia suas a\u00e7\u00f5es socioambientais. As iniciativas miram o enfrentamento de desafios ligados a tr\u00eas grandes problemas do nosso tempo: as desigualdades sociais, a emerg\u00eancia clim\u00e1tica e a crise de confian\u00e7a. Embora sejam metodologias aplic\u00e1veis em escala, esses programas se [&hellip;]<\/p>","protected":false},"author":1,"featured_media":0,"parent":0,"menu_order":0,"comment_status":"closed","ping_status":"closed","template":"page-atuacao.php","meta":{"inline_featured_image":false,"footnotes":""},"class_list":["post-20","page","type-page","status-publish","hentry"],"_links":{"self":[{"href":"https:\/\/www.institutovotorantim.org.br\/en\/wp-json\/wp\/v2\/pages\/20","targetHints":{"allow":["GET"]}}],"collection":[{"href":"https:\/\/www.institutovotorantim.org.br\/en\/wp-json\/wp\/v2\/pages"}],"about":[{"href":"https:\/\/www.institutovotorantim.org.br\/en\/wp-json\/wp\/v2\/types\/page"}],"author":[{"embeddable":true,"href":"https:\/\/www.institutovotorantim.org.br\/en\/wp-json\/wp\/v2\/users\/1"}],"replies":[{"embeddable":true,"href":"https:\/\/www.institutovotorantim.org.br\/en\/wp-json\/wp\/v2\/comments?post=20"}],"version-history":[{"count":16,"href":"https:\/\/www.institutovotorantim.org.br\/en\/wp-json\/wp\/v2\/pages\/20\/revisions"}],"predecessor-version":[{"id":1954,"href":"https:\/\/www.institutovotorantim.org.br\/en\/wp-json\/wp\/v2\/pages\/20\/revisions\/1954"}],"wp:attachment":[{"href":"https:\/\/www.institutovotorantim.org.br\/en\/wp-json\/wp\/v2\/media?parent=20"}],"curies":[{"name":"wp","href":"https:\/\/api.w.org\/{rel}","templated":true}]}}