{"id":24,"date":"2022-05-15T12:21:23","date_gmt":"2022-05-15T15:21:23","guid":{"rendered":"https:\/\/www.institutovotorantim.org.br\/?page_id=24"},"modified":"2022-06-10T15:43:35","modified_gmt":"2022-06-10T18:43:35","slug":"consultoria","status":"publish","type":"page","link":"https:\/\/www.institutovotorantim.org.br\/en\/consultancy\/","title":{"rendered":"Consultancy"},"content":{"rendered":"<p><strong>As sustainability experts, our consulting services contribute to the incorporation of ESG aspects into the business, protecting and leveraging long-term value.<\/strong><\/p>\n<p>For this, we formulate strategic plans, carry out sectorial studies, diagnoses and evaluations - all with the sustainability agenda as a background.<\/p>","protected":false},"excerpt":{"rendered":"<p>Como especialistas em sustentabilidade, nossos servi\u00e7os de consultoria contribuem para a incorpora\u00e7\u00e3o dos aspectos ESG aos neg\u00f3cios, protegendo e alavancando valor a longo prazo. Para isso, formulamos planejamentos estrat\u00e9gicos, realizamos estudos setoriais, diagn\u00f3sticos e avalia\u00e7\u00f5es &#8211; todos com a agenda de sustentabilidade como plano de fundo.<\/p>","protected":false},"author":1,"featured_media":0,"parent":0,"menu_order":0,"comment_status":"closed","ping_status":"closed","template":"page-consultoria.php","meta":{"inline_featured_image":false,"footnotes":""},"class_list":["post-24","page","type-page","status-publish","hentry"],"_links":{"self":[{"href":"https:\/\/www.institutovotorantim.org.br\/en\/wp-json\/wp\/v2\/pages\/24","targetHints":{"allow":["GET"]}}],"collection":[{"href":"https:\/\/www.institutovotorantim.org.br\/en\/wp-json\/wp\/v2\/pages"}],"about":[{"href":"https:\/\/www.institutovotorantim.org.br\/en\/wp-json\/wp\/v2\/types\/page"}],"author":[{"embeddable":true,"href":"https:\/\/www.institutovotorantim.org.br\/en\/wp-json\/wp\/v2\/users\/1"}],"replies":[{"embeddable":true,"href":"https:\/\/www.institutovotorantim.org.br\/en\/wp-json\/wp\/v2\/comments?post=24"}],"version-history":[{"count":5,"href":"https:\/\/www.institutovotorantim.org.br\/en\/wp-json\/wp\/v2\/pages\/24\/revisions"}],"predecessor-version":[{"id":1164,"href":"https:\/\/www.institutovotorantim.org.br\/en\/wp-json\/wp\/v2\/pages\/24\/revisions\/1164"}],"wp:attachment":[{"href":"https:\/\/www.institutovotorantim.org.br\/en\/wp-json\/wp\/v2\/media?parent=24"}],"curies":[{"name":"wp","href":"https:\/\/api.w.org\/{rel}","templated":true}]}}