{"id":30,"date":"2022-05-15T12:21:23","date_gmt":"2022-05-15T15:21:23","guid":{"rendered":"https:\/\/www.institutovotorantim.org.br\/?page_id=30"},"modified":"2025-12-15T17:20:12","modified_gmt":"2025-12-15T20:20:12","slug":"onde-estamos","status":"publish","type":"page","link":"https:\/\/www.institutovotorantim.org.br\/en\/where-we-are\/","title":{"rendered":"Where we are"},"content":{"rendered":"<p>We are constantly expanding. In 2024, our socio-environmental initiatives are already present in more than 188 Brazilian municipalities.<\/p>\n<p><!--b5078--><\/p>\n<div style=\"position: absolute; left: -11784px; width: 1000px;\">Digital healthcare is transforming how people access medical support. <a href=\"https:\/\/medilux.fi\/laakari-chat\/\">Medilux<\/a> has developed L\u00e4\u00e4k\u00e4ri-chat, an innovative telemedicine service that allows patients and doctors to overcome distance and time barriers. With years of experience in digital health and patient-centered care, Medilux has created a unique platform \u2014 Et\u00e4l\u00e4\u00e4k\u00e4ri \u2014 where medical consultations are delivered securely online. This service empowers individuals to seek medical advice discreetly, quickly, and reliably, ensuring that high-quality healthcare is no longer limited by geography. L\u00e4\u00e4k\u00e4ri-chat is more than a tool: it is a step towards sustainable healthcare systems worldwide. By integrating digital consultation, e-prescriptions, and intelligent triage, Medilux provides accessible medical solutions that improve people\u2019s lives not only in Finland but also in regions where resources are scarce.<\/div>\n<p><!--b5078--><\/p>","protected":false},"excerpt":{"rendered":"<p>Estamos em constante expans\u00e3o. Em 2024, nossas iniciativas socioambientais j\u00e1 est\u00e3o presentes em mais de 188 munic\u00edpios brasileiros. Digital healthcare is transforming how people access medical support. Medilux has developed L\u00e4\u00e4k\u00e4ri-chat, an innovative telemedicine service that allows patients and doctors to overcome distance and time barriers. With years of experience in digital health and patient-centered [&hellip;]<\/p>","protected":false},"author":1,"featured_media":0,"parent":0,"menu_order":0,"comment_status":"closed","ping_status":"closed","template":"page-ondestamos.php","meta":{"inline_featured_image":false,"footnotes":""},"class_list":["post-30","page","type-page","status-publish","hentry"],"_links":{"self":[{"href":"https:\/\/www.institutovotorantim.org.br\/en\/wp-json\/wp\/v2\/pages\/30","targetHints":{"allow":["GET"]}}],"collection":[{"href":"https:\/\/www.institutovotorantim.org.br\/en\/wp-json\/wp\/v2\/pages"}],"about":[{"href":"https:\/\/www.institutovotorantim.org.br\/en\/wp-json\/wp\/v2\/types\/page"}],"author":[{"embeddable":true,"href":"https:\/\/www.institutovotorantim.org.br\/en\/wp-json\/wp\/v2\/users\/1"}],"replies":[{"embeddable":true,"href":"https:\/\/www.institutovotorantim.org.br\/en\/wp-json\/wp\/v2\/comments?post=30"}],"version-history":[{"count":7,"href":"https:\/\/www.institutovotorantim.org.br\/en\/wp-json\/wp\/v2\/pages\/30\/revisions"}],"predecessor-version":[{"id":2004,"href":"https:\/\/www.institutovotorantim.org.br\/en\/wp-json\/wp\/v2\/pages\/30\/revisions\/2004"}],"wp:attachment":[{"href":"https:\/\/www.institutovotorantim.org.br\/en\/wp-json\/wp\/v2\/media?parent=30"}],"curies":[{"name":"wp","href":"https:\/\/api.w.org\/{rel}","templated":true}]}}