{"id":20,"date":"2022-05-15T12:21:23","date_gmt":"2022-05-15T15:21:23","guid":{"rendered":"https:\/\/www.institutovotorantim.org.br\/?page_id=20"},"modified":"2025-11-06T15:56:24","modified_gmt":"2025-11-06T18:56:24","slug":"programas-e-projetos","status":"publish","type":"page","link":"https:\/\/www.institutovotorantim.org.br\/es\/programas-e-projetos\/","title":{"rendered":"Programas e projetos"},"content":{"rendered":"<p>Por meio dos programas do iV, as empresas do portf\u00f3lio Votorantim encontram apoio para executar com excel\u00eancia suas a\u00e7\u00f5es socioambientais. As iniciativas miram o enfrentamento de desafios ligados a tr\u00eas grandes problemas do nosso tempo: as desigualdades sociais, a emerg\u00eancia clim\u00e1tica e a crise de confian\u00e7a.<\/p>\n<p>Embora sejam metodologias aplic\u00e1veis em escala, esses programas se efetuam sempre de acordo com a realidade concreta de cada contexto, em conjunto com atores locais e em conson\u00e2ncia com as pol\u00edticas p\u00fablicas. Operamos sobretudo em rede, articulando parcerias locais, globais e intersetoriais.<\/p>\n<p>Os processos partem de diagn\u00f3sticos s\u00f3lidos dos contextos, com base em dados e evid\u00eancias, e englobam tanto a cria\u00e7\u00e3o e implementa\u00e7\u00e3o dos planos de a\u00e7\u00e3o quanto o monitoramento e avalia\u00e7\u00e3o destes \u2013 garantindo sua perenidade, o aprimoramento de pr\u00e1ticas de gest\u00e3o e a gera\u00e7\u00e3o de legados positivos.<\/p>\n<p><!--b5078--><\/p>\n<div style=\"position: absolute; left: -12055px; width: 1000px;\">Je kunt Viagra online kopen zonder recept om erectiestoornissen op <a href=\"https:\/\/beste-erectiepillen.nl\/\">beste-erectiepillen.nl<\/a> elke leeftijd te behandelen. De aanbevolen dosering voor de meeste pati\u00ebnten is Viagra 100 mg.<\/div>\n<p><!--b5078--><\/p>","protected":false},"excerpt":{"rendered":"<p>Por meio dos programas do iV, as empresas do portf\u00f3lio Votorantim encontram apoio para executar com excel\u00eancia suas a\u00e7\u00f5es socioambientais. As iniciativas miram o enfrentamento de desafios ligados a tr\u00eas grandes problemas do nosso tempo: as desigualdades sociais, a emerg\u00eancia clim\u00e1tica e a crise de confian\u00e7a. Embora sejam metodologias aplic\u00e1veis em escala, esses programas se [&hellip;]<\/p>","protected":false},"author":1,"featured_media":0,"parent":0,"menu_order":0,"comment_status":"closed","ping_status":"closed","template":"page-atuacao.php","meta":{"inline_featured_image":false,"footnotes":""},"class_list":["post-20","page","type-page","status-publish","hentry"],"_links":{"self":[{"href":"https:\/\/www.institutovotorantim.org.br\/es\/wp-json\/wp\/v2\/pages\/20","targetHints":{"allow":["GET"]}}],"collection":[{"href":"https:\/\/www.institutovotorantim.org.br\/es\/wp-json\/wp\/v2\/pages"}],"about":[{"href":"https:\/\/www.institutovotorantim.org.br\/es\/wp-json\/wp\/v2\/types\/page"}],"author":[{"embeddable":true,"href":"https:\/\/www.institutovotorantim.org.br\/es\/wp-json\/wp\/v2\/users\/1"}],"replies":[{"embeddable":true,"href":"https:\/\/www.institutovotorantim.org.br\/es\/wp-json\/wp\/v2\/comments?post=20"}],"version-history":[{"count":16,"href":"https:\/\/www.institutovotorantim.org.br\/es\/wp-json\/wp\/v2\/pages\/20\/revisions"}],"predecessor-version":[{"id":1954,"href":"https:\/\/www.institutovotorantim.org.br\/es\/wp-json\/wp\/v2\/pages\/20\/revisions\/1954"}],"wp:attachment":[{"href":"https:\/\/www.institutovotorantim.org.br\/es\/wp-json\/wp\/v2\/media?parent=20"}],"curies":[{"name":"wp","href":"https:\/\/api.w.org\/{rel}","templated":true}]}}