{"id":22,"date":"2022-05-15T12:21:23","date_gmt":"2022-05-15T15:21:23","guid":{"rendered":"https:\/\/www.institutovotorantim.org.br\/?page_id=22"},"modified":"2024-07-11T16:54:56","modified_gmt":"2024-07-11T19:54:56","slug":"conhecimento","status":"publish","type":"page","link":"https:\/\/www.institutovotorantim.org.br\/es\/conhecimento\/","title":{"rendered":"Conhecimento"},"content":{"rendered":"<p><strong>Nossa atua\u00e7\u00e3o est\u00e1 diretamente associada \u00e0 gera\u00e7\u00e3o de capital intelectual e, com 20 anos de trajet\u00f3ria, concentramos vasto conhecimento em diversas tem\u00e1ticas socioambientais.<\/strong><\/p>\n<p>Acreditamos no poder da colabora\u00e7\u00e3o em rede para a constru\u00e7\u00e3o de um futuro sustent\u00e1vel e buscamos, sobretudo, compartilhar nosso conhecimento para estimular discuss\u00f5es e proporcionar avan\u00e7os.<\/p>","protected":false},"excerpt":{"rendered":"<p>Nossa atua\u00e7\u00e3o est\u00e1 diretamente associada \u00e0 gera\u00e7\u00e3o de capital intelectual e, com 20 anos de trajet\u00f3ria, concentramos vasto conhecimento em diversas tem\u00e1ticas socioambientais. Acreditamos no poder da colabora\u00e7\u00e3o em rede para a constru\u00e7\u00e3o de um futuro sustent\u00e1vel e buscamos, sobretudo, compartilhar nosso conhecimento para estimular discuss\u00f5es e proporcionar avan\u00e7os.<\/p>","protected":false},"author":1,"featured_media":0,"parent":0,"menu_order":0,"comment_status":"closed","ping_status":"closed","template":"page-conhecimento.php","meta":{"inline_featured_image":false,"footnotes":""},"class_list":["post-22","page","type-page","status-publish","hentry"],"_links":{"self":[{"href":"https:\/\/www.institutovotorantim.org.br\/es\/wp-json\/wp\/v2\/pages\/22","targetHints":{"allow":["GET"]}}],"collection":[{"href":"https:\/\/www.institutovotorantim.org.br\/es\/wp-json\/wp\/v2\/pages"}],"about":[{"href":"https:\/\/www.institutovotorantim.org.br\/es\/wp-json\/wp\/v2\/types\/page"}],"author":[{"embeddable":true,"href":"https:\/\/www.institutovotorantim.org.br\/es\/wp-json\/wp\/v2\/users\/1"}],"replies":[{"embeddable":true,"href":"https:\/\/www.institutovotorantim.org.br\/es\/wp-json\/wp\/v2\/comments?post=22"}],"version-history":[{"count":25,"href":"https:\/\/www.institutovotorantim.org.br\/es\/wp-json\/wp\/v2\/pages\/22\/revisions"}],"predecessor-version":[{"id":1785,"href":"https:\/\/www.institutovotorantim.org.br\/es\/wp-json\/wp\/v2\/pages\/22\/revisions\/1785"}],"wp:attachment":[{"href":"https:\/\/www.institutovotorantim.org.br\/es\/wp-json\/wp\/v2\/media?parent=22"}],"curies":[{"name":"wp","href":"https:\/\/api.w.org\/{rel}","templated":true}]}}